{"id":83,"date":"2018-12-09T21:21:16","date_gmt":"2018-12-09T21:21:16","guid":{"rendered":"http:\/\/oldtimer-freunde-preith.de\/wordpress\/?page_id=83"},"modified":"2024-03-19T00:50:14","modified_gmt":"2024-03-18T23:50:14","slug":"startseite","status":"publish","type":"page","link":"https:\/\/oldtimer-freunde-preith.de\/wordpress\/","title":{"rendered":"Startseite"},"content":{"rendered":"<h1 style=\"text-align: center;\" align=\"center;\"><b>Willkommen auf der Homepage der <\/b><\/h1>\n<h1 style=\"text-align: center;\" align=\"center;\"><b>Oldtimer-Freunde Preith e.V.<\/b><\/h1>\n<p>&nbsp;<\/p>\n<p align=\"center\">Wir sind die Oldtimer-Freunde Preith e.V. im Herzen des Altm\u00fchltals. Unser Verein setzt sich aus allen Altersgruppen zusammen, was immer f\u00fcr eine aufgelockerte Atmosph\u00e4re sorgt.<\/p>\n<p align=\"center\">Der Verein verfolgt den Zweck zur Erhaltung und der Pflege von Oldtimer Bulldogs, Ger\u00e4ten der b\u00e4uerlichen Landwirtschaft, sowie das n\u00e4her bringen der Technik der fr\u00fcheren Jahre durch Erkl\u00e4rungen und Vorf\u00fchrungen von verschiedenen Acker- , Ernte- und Feld- Ger\u00e4ten.<\/p>\n<p align=\"center\">Jugendarbeit wird bei uns gro\u00df geschrieben, Erfahrene Meister, sowie Leute die mit diesen Maschinen noch gearbeitet haben, stehen allen mit Rat und Tat zur Verf\u00fcgung.<\/p>\n<h1 align=\"center\"><\/h1>\n","protected":false},"excerpt":{"rendered":"<p>Willkommen auf der Homepage der Oldtimer-Freunde Preith e.V. &nbsp; Wir sind die Oldtimer-Freunde Preith e.V. im Herzen des Altm\u00fchltals. Unser Verein setzt sich aus allen Altersgruppen zusammen, was immer f\u00fcr eine aufgelockerte Atmosph\u00e4re sorgt. Der Verein verfolgt den Zweck zur Erhaltung und der Pflege von Oldtimer Bulldogs, Ger\u00e4ten der b\u00e4uerlichen Landwirtschaft, sowie das n\u00e4her bringen [&hellip;]<\/p>\n","protected":false},"author":1,"featured_media":0,"parent":0,"menu_order":0,"comment_status":"closed","ping_status":"closed","template":"","meta":{"footnotes":""},"class_list":["post-83","page","type-page","status-publish","hentry"],"_links":{"self":[{"href":"https:\/\/oldtimer-freunde-preith.de\/wordpress\/index.php\/wp-json\/wp\/v2\/pages\/83","targetHints":{"allow":["GET"]}}],"collection":[{"href":"https:\/\/oldtimer-freunde-preith.de\/wordpress\/index.php\/wp-json\/wp\/v2\/pages"}],"about":[{"href":"https:\/\/oldtimer-freunde-preith.de\/wordpress\/index.php\/wp-json\/wp\/v2\/types\/page"}],"author":[{"embeddable":true,"href":"https:\/\/oldtimer-freunde-preith.de\/wordpress\/index.php\/wp-json\/wp\/v2\/users\/1"}],"replies":[{"embeddable":true,"href":"https:\/\/oldtimer-freunde-preith.de\/wordpress\/index.php\/wp-json\/wp\/v2\/comments?post=83"}],"version-history":[{"count":24,"href":"https:\/\/oldtimer-freunde-preith.de\/wordpress\/index.php\/wp-json\/wp\/v2\/pages\/83\/revisions"}],"predecessor-version":[{"id":3564,"href":"https:\/\/oldtimer-freunde-preith.de\/wordpress\/index.php\/wp-json\/wp\/v2\/pages\/83\/revisions\/3564"}],"wp:attachment":[{"href":"https:\/\/oldtimer-freunde-preith.de\/wordpress\/index.php\/wp-json\/wp\/v2\/media?parent=83"}],"curies":[{"name":"wp","href":"https:\/\/api.w.org\/{rel}","templated":true}]}}