{"id":47,"date":"2018-12-09T21:10:46","date_gmt":"2018-12-09T21:10:46","guid":{"rendered":"http:\/\/oldtimer-freunde-preith.de\/wordpress\/?page_id=47"},"modified":"2018-12-13T21:17:41","modified_gmt":"2018-12-13T20:17:41","slug":"spenden","status":"publish","type":"page","link":"http:\/\/oldtimer-freunde-preith.de\/wordpress\/index.php\/spenden\/","title":{"rendered":"Spenden"},"content":{"rendered":"<h1><span style=\"color: #0000ff;\"><strong>So wie viele andere, k\u00f6nnen auch bei unserem Verein die vielen angesammelten Museumsst\u00fccke nur durch Spenden \u00fcberleben.<\/strong><\/span><\/h1>\n<h3>\u00dcber Geld- und Sachspenden jeglicher Art w\u00fcrden wir uns nat\u00fcrlich ganz besonders freuen, seien sie auch noch so klein!<\/h3>\n<p>Die Oldtimer-Freunde Preith e.V. sind als gemeinn\u00fctziger verein anerkannt. Somit k\u00f6nnen f\u00fcr Spenden steuerabzugf\u00e4hige Quittungen ausgestellt werde.<\/p>\n<hr \/>\n<p>Um eine Spendenquittung zu bekommen, muss man die Spende an die Oldtimer-Freunde Preith e.V. schicken.<\/p>\n<p><strong>Spendenkonto<\/strong><\/p>\n<p>Sparkasse Ingolstadt Eichst\u00e4tt<\/p>\n<p>IBAN: DE89721513400020278727<\/p>\n<p>BIC:\u00a0\u00a0 BYLADEM1EIS<\/p>\n<p><a href=\"http:\/\/oldtimer-freunde-preith.de\/wordpress\/wp-content\/uploads\/2018\/12\/Spende-Oldtimer.jpg\"><img loading=\"lazy\" decoding=\"async\" class=\"alignnone wp-image-28 size-medium\" src=\"http:\/\/oldtimer-freunde-preith.de\/wordpress\/wp-content\/uploads\/2018\/12\/Spende-Oldtimer-300x212.jpg\" alt=\"\" width=\"300\" height=\"212\" srcset=\"http:\/\/oldtimer-freunde-preith.de\/wordpress\/wp-content\/uploads\/2018\/12\/Spende-Oldtimer-300x212.jpg 300w, http:\/\/oldtimer-freunde-preith.de\/wordpress\/wp-content\/uploads\/2018\/12\/Spende-Oldtimer-768x543.jpg 768w, http:\/\/oldtimer-freunde-preith.de\/wordpress\/wp-content\/uploads\/2018\/12\/Spende-Oldtimer-250x177.jpg 250w, http:\/\/oldtimer-freunde-preith.de\/wordpress\/wp-content\/uploads\/2018\/12\/Spende-Oldtimer-550x389.jpg 550w, http:\/\/oldtimer-freunde-preith.de\/wordpress\/wp-content\/uploads\/2018\/12\/Spende-Oldtimer-800x565.jpg 800w, http:\/\/oldtimer-freunde-preith.de\/wordpress\/wp-content\/uploads\/2018\/12\/Spende-Oldtimer-255x180.jpg 255w, http:\/\/oldtimer-freunde-preith.de\/wordpress\/wp-content\/uploads\/2018\/12\/Spende-Oldtimer-425x300.jpg 425w, http:\/\/oldtimer-freunde-preith.de\/wordpress\/wp-content\/uploads\/2018\/12\/Spende-Oldtimer-708x500.jpg 708w, http:\/\/oldtimer-freunde-preith.de\/wordpress\/wp-content\/uploads\/2018\/12\/Spende-Oldtimer.jpg 814w\" sizes=\"auto, (max-width: 300px) 100vw, 300px\" \/><\/a><\/p>\n<p><span style=\"color: #0000ff;\">Zum vergr\u00f6\u00dfern auf das Bild klicken.<\/span><\/p>\n<p><strong>WICHTIGE ANGABEN:<\/strong><\/p>\n<p>F\u00fcr die Oldtimerfreunde und Ihre Adresse f\u00fcr die Quittung.<\/p>\n<p>Die Spendenquittung wird Ihnen bei einem Betrag ab 100,00 Euro zugesand. Bis 100,00 Euro reicht der Kontoauszug.<\/p>\n<p>Ihre Spenden werden f\u00fcr den Erhalt und Pflege des Vereins genutzt. (Erhaltung von Maschinen und Ger\u00e4ten)<\/p>\n<hr \/>\n<p><span style=\"color: #0000ff;\">Spenden ohne jeglichen Papierkram<\/span><\/p>\n<p>Geht es nicht ohne Papierkram? Ja das geht!<\/p>\n<p>Wenn Sie den Oldtimer-Freunden Preith e.V. gerne ein Spende zukommen lassen m\u00f6chten, aber keine Lust auf den ganzen Formularkram haben,<\/p>\n<p>wenden Sie sich vertrauensvoll an den Kassier. Adresse unter der Rubrik Kontakte oder <a href=\"http:\/\/oldtimer-freunde-preith.de\/wordpress\/index.php\/kontakt\/\">hier klicken<\/a><\/p>\n<p>Ein herzliches Vergelt\u00b4s Gott allen Spendern<\/p>\n<p>im Namen der Oldtimer-Freunde Preith<\/p>\n","protected":false},"excerpt":{"rendered":"<p>So wie viele andere, k\u00f6nnen auch bei unserem Verein die vielen angesammelten Museumsst\u00fccke nur durch Spenden \u00fcberleben. \u00dcber Geld- und Sachspenden jeglicher Art w\u00fcrden wir uns nat\u00fcrlich ganz besonders freuen, seien sie auch noch so klein! Die Oldtimer-Freunde Preith e.V. sind als gemeinn\u00fctziger verein anerkannt. Somit k\u00f6nnen f\u00fcr Spenden steuerabzugf\u00e4hige Quittungen ausgestellt werde. Um eine [&hellip;]<\/p>\n","protected":false},"author":1,"featured_media":0,"parent":0,"menu_order":0,"comment_status":"closed","ping_status":"closed","template":"","meta":{"footnotes":""},"class_list":["post-47","page","type-page","status-publish","hentry"],"_links":{"self":[{"href":"http:\/\/oldtimer-freunde-preith.de\/wordpress\/index.php\/wp-json\/wp\/v2\/pages\/47","targetHints":{"allow":["GET"]}}],"collection":[{"href":"http:\/\/oldtimer-freunde-preith.de\/wordpress\/index.php\/wp-json\/wp\/v2\/pages"}],"about":[{"href":"http:\/\/oldtimer-freunde-preith.de\/wordpress\/index.php\/wp-json\/wp\/v2\/types\/page"}],"author":[{"embeddable":true,"href":"http:\/\/oldtimer-freunde-preith.de\/wordpress\/index.php\/wp-json\/wp\/v2\/users\/1"}],"replies":[{"embeddable":true,"href":"http:\/\/oldtimer-freunde-preith.de\/wordpress\/index.php\/wp-json\/wp\/v2\/comments?post=47"}],"version-history":[{"count":9,"href":"http:\/\/oldtimer-freunde-preith.de\/wordpress\/index.php\/wp-json\/wp\/v2\/pages\/47\/revisions"}],"predecessor-version":[{"id":1803,"href":"http:\/\/oldtimer-freunde-preith.de\/wordpress\/index.php\/wp-json\/wp\/v2\/pages\/47\/revisions\/1803"}],"wp:attachment":[{"href":"http:\/\/oldtimer-freunde-preith.de\/wordpress\/index.php\/wp-json\/wp\/v2\/media?parent=47"}],"curies":[{"name":"wp","href":"https:\/\/api.w.org\/{rel}","templated":true}]}}